{"id":537,"date":"2023-02-24T18:43:24","date_gmt":"2023-02-24T18:43:24","guid":{"rendered":"https:\/\/www.spasipawellness.com\/?page_id=537"},"modified":"2023-03-29T20:54:28","modified_gmt":"2023-03-29T20:54:28","slug":"hakkimizda","status":"publish","type":"page","link":"https:\/\/www.spasipawellness.com\/en\/hakkimizda\/","title":{"rendered":"Hakk\u0131m\u0131zda"},"content":{"rendered":"<div data-elementor-type=\"wp-page\" data-elementor-id=\"537\" class=\"elementor elementor-537\">\n\t\t\t\t\t\t\t\t\t<section class=\"elementor-section elementor-top-section elementor-element elementor-element-e35e913 elementor-section-boxed elementor-section-height-default elementor-section-height-default\" data-id=\"e35e913\" data-element_type=\"section\">\n\t\t\t\t\t\t<div class=\"elementor-container elementor-column-gap-default\">\n\t\t\t\t\t<div class=\"elementor-column elementor-col-100 elementor-top-column elementor-element elementor-element-2240e5e\" data-id=\"2240e5e\" data-element_type=\"column\">\n\t\t\t<div class=\"elementor-widget-wrap elementor-element-populated\">\n\t\t\t\t\t\t\t\t<div class=\"elementor-element elementor-element-6103630 elementor-widget elementor-widget-text-editor\" data-id=\"6103630\" data-element_type=\"widget\" data-widget_type=\"text-editor.default\">\n\t\t\t\t<div class=\"elementor-widget-container\">\n\t\t\t<style>\/*! elementor - v3.18.0 - 20-12-2023 *\/\n.elementor-widget-text-editor.elementor-drop-cap-view-stacked .elementor-drop-cap{background-color:#69727d;color:#fff}.elementor-widget-text-editor.elementor-drop-cap-view-framed .elementor-drop-cap{color:#69727d;border:3px solid;background-color:transparent}.elementor-widget-text-editor:not(.elementor-drop-cap-view-default) .elementor-drop-cap{margin-top:8px}.elementor-widget-text-editor:not(.elementor-drop-cap-view-default) .elementor-drop-cap-letter{width:1em;height:1em}.elementor-widget-text-editor .elementor-drop-cap{float:left;text-align:center;line-height:1;font-size:50px}.elementor-widget-text-editor .elementor-drop-cap-letter{display:inline-block}<\/style>\t\t\t\t<h4 class=\"font_8\">Deniz \u00c7OBANO\u011eLU, who graduated from Vocational High School Skin Care and Hairdressing Department in 2000 and then graduated from Ege University, Department of Beauty Specialization, worked as a personnel, trainer, responsible manager and consultant in beauty salons, SPA, Thermal, Clinic and Wellness areas of hotels during his student years.\u00a0<\/h4><h4 class=\"font_8\"><span class=\"wixGuard\">\u200b<\/span><\/h4><h4 class=\"font_8\">The birth of the name of our brand, Spasipawellness, is that the name spasibo, which means thank you in Russian, was simplified and changed to spasipa in our language. In this way, our brand was created in our country, knowing the value we give to people's personal care and health, and started to serve with the top 3 PSP applications in Turkey.<\/h4>\t\t\t\t\t\t<\/div>\n\t\t\t\t<\/div>\n\t\t\t\t<div class=\"elementor-element elementor-element-df732ea elementor-widget elementor-widget-image\" data-id=\"df732ea\" data-element_type=\"widget\" data-widget_type=\"image.default\">\n\t\t\t\t<div class=\"elementor-widget-container\">\n\t\t\t<style>\/*! elementor - v3.18.0 - 20-12-2023 *\/\n.elementor-widget-image{text-align:center}.elementor-widget-image a{display:inline-block}.elementor-widget-image a img[src$=\".svg\"]{width:48px}.elementor-widget-image img{vertical-align:middle;display:inline-block}<\/style>\t\t\t\t\t\t\t\t\t\t\t\t<img fetchpriority=\"high\" decoding=\"async\" width=\"921\" height=\"257\" src=\"https:\/\/www.spasipawellness.com\/wp-content\/uploads\/2023\/02\/HAKKIMIZDA.webp\" class=\"attachment-full size-full wp-image-831\" alt=\"\" srcset=\"https:\/\/www.spasipawellness.com\/wp-content\/uploads\/2023\/02\/HAKKIMIZDA.webp 921w, https:\/\/www.spasipawellness.com\/wp-content\/uploads\/2023\/02\/HAKKIMIZDA-300x84.webp 300w, https:\/\/www.spasipawellness.com\/wp-content\/uploads\/2023\/02\/HAKKIMIZDA-768x214.webp 768w\" sizes=\"(max-width: 921px) 100vw, 921px\" \/>\t\t\t\t\t\t\t\t\t\t\t\t\t\t\t<\/div>\n\t\t\t\t<\/div>\n\t\t\t\t<div class=\"elementor-element elementor-element-f0cf9ea elementor-widget elementor-widget-text-editor\" data-id=\"f0cf9ea\" data-element_type=\"widget\" data-widget_type=\"text-editor.default\">\n\t\t\t\t<div class=\"elementor-widget-container\">\n\t\t\t\t\t\t\t<h4><strong>OUR QUALITY POLICY<\/strong><\/h4><h4 class=\"font_8\"><span class=\"wixGuard\">\u200b<\/span>Within the scope of professional service, we prioritize the demands of guests and businesses; Using our current professional experience and knowledge, taking legal regulations and international professional standards as a reference, and constantly renewing and improving ourselves, with our authorized and trained personnel, to meet the quality management system conditions and professional ethics by increasing the satisfaction of both the service and the employees, as well as the sustainability of the services and guest satisfaction. .<\/h4><h4 class=\"font_8\"><strong>OUR MISSION<\/strong><\/h4><h4 class=\"font_8\"><span class=\"wixGuard\">\u200b<\/span>We believe that everyone has the right to personal health and care services. As Spasipa wellness therapy center Family, we will work for this.<\/h4><h4 class=\"font_8\"><strong>OUR V\u0130S\u0130ON<\/strong><\/h4><h4 class=\"font_8\">Profesyonel,sistem ve proje (3 p.s.p) odakl\u0131 hedeflerimiz ile T\u00fcrkiye\u2019de lider spa\u00a0 ve bak\u0131m hizmetleri sa\u011flamak.<\/h4>\t\t\t\t\t\t<\/div>\n\t\t\t\t<\/div>\n\t\t\t\t\t<\/div>\n\t\t<\/div>\n\t\t\t\t\t\t\t<\/div>\n\t\t<\/section>\n\t\t\t\t\t\t\t<\/div>","protected":false},"excerpt":{"rendered":"<p>2000 y\u0131l\u0131nda Meslek Lisesi Cilt bak\u0131m\u0131 ve Kuaf\u00f6rl\u00fck b\u00f6l\u00fcm\u00fcnden\u00a0 mezun olduktan sonra Ege \u00dcniversitesi G\u00fczellik Uzmanl\u0131\u011f\u0131 B\u00f6l\u00fcm\u00fcnden mezun olan Deniz \u00c7OBANO\u011eLU, \u00f6\u011frencilik y\u0131llar\u0131 ile\u00a0 G\u00fczellik salonlar\u0131, otellerin SPA, Termal, Klinik ve Wellness alanlar\u0131nda personel, e\u011fitmen, sorumlu m\u00fcd\u00fcr ve dan\u0131\u015fman olarak \u00e7al\u0131\u015fma faaliyetlerini g\u00f6stermi\u015ftir.\u00a0 \u200b Markam\u0131z olan Spasipawellness isminin do\u011fu\u015fu ise Rus\u00e7a dilinde te\u015fekk\u00fcr ederim anlam\u0131nda [&hellip;]<\/p>","protected":false},"author":1,"featured_media":0,"parent":0,"menu_order":0,"comment_status":"closed","ping_status":"closed","template":"elementor_header_footer","meta":{"footnotes":""},"_links":{"self":[{"href":"https:\/\/www.spasipawellness.com\/en\/wp-json\/wp\/v2\/pages\/537"}],"collection":[{"href":"https:\/\/www.spasipawellness.com\/en\/wp-json\/wp\/v2\/pages"}],"about":[{"href":"https:\/\/www.spasipawellness.com\/en\/wp-json\/wp\/v2\/types\/page"}],"author":[{"embeddable":true,"href":"https:\/\/www.spasipawellness.com\/en\/wp-json\/wp\/v2\/users\/1"}],"replies":[{"embeddable":true,"href":"https:\/\/www.spasipawellness.com\/en\/wp-json\/wp\/v2\/comments?post=537"}],"version-history":[{"count":37,"href":"https:\/\/www.spasipawellness.com\/en\/wp-json\/wp\/v2\/pages\/537\/revisions"}],"predecessor-version":[{"id":1267,"href":"https:\/\/www.spasipawellness.com\/en\/wp-json\/wp\/v2\/pages\/537\/revisions\/1267"}],"wp:attachment":[{"href":"https:\/\/www.spasipawellness.com\/en\/wp-json\/wp\/v2\/media?parent=537"}],"curies":[{"name":"wp","href":"https:\/\/api.w.org\/{rel}","templated":true}]}}