{"id":842,"date":"2023-02-28T20:31:38","date_gmt":"2023-02-28T20:31:38","guid":{"rendered":"https:\/\/www.spasipawellness.com\/?page_id=842"},"modified":"2023-03-30T20:30:19","modified_gmt":"2023-03-30T20:30:19","slug":"destek-danismanlik","status":"publish","type":"page","link":"https:\/\/www.spasipawellness.com\/en\/destek-danismanlik\/","title":{"rendered":"DESTEK DANI\u015eMANLIK"},"content":{"rendered":"<div data-elementor-type=\"wp-page\" data-elementor-id=\"842\" class=\"elementor elementor-842\">\n\t\t\t\t\t\t\t\t\t<section class=\"elementor-section elementor-top-section elementor-element elementor-element-25450be elementor-section-boxed elementor-section-height-default elementor-section-height-default\" data-id=\"25450be\" data-element_type=\"section\">\n\t\t\t\t\t\t<div class=\"elementor-container elementor-column-gap-default\">\n\t\t\t\t\t<div class=\"elementor-column elementor-col-100 elementor-top-column elementor-element elementor-element-12c54a2\" data-id=\"12c54a2\" data-element_type=\"column\">\n\t\t\t<div class=\"elementor-widget-wrap elementor-element-populated\">\n\t\t\t\t\t\t\t\t<div class=\"elementor-element elementor-element-0acc3a0 elementor-widget elementor-widget-text-editor\" data-id=\"0acc3a0\" data-element_type=\"widget\" data-widget_type=\"text-editor.default\">\n\t\t\t\t<div class=\"elementor-widget-container\">\n\t\t\t<style>\/*! elementor - v3.18.0 - 20-12-2023 *\/\n.elementor-widget-text-editor.elementor-drop-cap-view-stacked .elementor-drop-cap{background-color:#69727d;color:#fff}.elementor-widget-text-editor.elementor-drop-cap-view-framed .elementor-drop-cap{color:#69727d;border:3px solid;background-color:transparent}.elementor-widget-text-editor:not(.elementor-drop-cap-view-default) .elementor-drop-cap{margin-top:8px}.elementor-widget-text-editor:not(.elementor-drop-cap-view-default) .elementor-drop-cap-letter{width:1em;height:1em}.elementor-widget-text-editor .elementor-drop-cap{float:left;text-align:center;line-height:1;font-size:50px}.elementor-widget-text-editor .elementor-drop-cap-letter{display:inline-block}<\/style>\t\t\t\t<h4>The first step in any SPA consultancy begins with objectively researching the market, competition, cost and potential income and evaluating the most suitable options for your project. The market and the project have their own dynamics, understanding and evaluating these dynamics is a very important factor in creating your SPA as we planned.<\/h4><h4>In the project work, we start by determining the target guest audience and choosing the best SPA service, and are followed by feasibility studies, making the necessary calculations for the most ideal SPA application in line with the market and guest targets. The budget and projected profit and loss are calculated. Budget; It includes items such as construction costs, fixtures and materials, initial budget - personnel selection, personnel training, marketing, product stocking and purchasing. The feasibility of the project and the return on investment are taken into consideration.<\/h4><h4>SPAS\u0130PA &amp; Wellness Consultancy provides consultancy for \u201cturnkey\u201d or partial changes. We can work with our professional project team or your designer team. With all the experience we have gained so far in the spa industry, we solve the hidden problems of SPA, such as creating site-specific architectural arrangements. We offer you design recommendations so that the correct SPA design can be made.<\/h4><h3><strong>ARCHITECTURE AND DESIGN<\/strong><\/h3><h4 class=\"font_9\">\u2022 Interior architecture design studios and detail planning<br \/>\u2022 All equipment supply<br \/>\u2022 Material selections and quantity definitions<\/h4><h3><strong>SPA &amp; WELLNESS ARRANGEMENT<\/strong><\/h3><h4 class=\"font_9\">\u2022 Spa and Wellness detail planning<br \/>\u2022 Spa and Wellness equipment selection and proposal preparation<\/h4><h3><strong>SPA INSTALLATION<\/strong><\/h3><h4 class=\"font_9\">\u2022 Spa concept preparation and positioning,<br \/>\u2022 Preparing the spa service scope and determining the pricing of the applications,<br \/>\u2022 Suggesting and selecting sales products and also determining their prices,<br \/>\u2022 Developing and implementing business process standards, courses of action and tactics,<br \/>\u2022 Developing the appropriate concept and adapting the developed concept to purchasing and warehouse management,<br \/>\u2022 Providing personnel supply,<br \/>\u2022 Staff training program,<br \/>\u2022 Consultancy services for Spa software at the initial stage,<br \/>\u2022 Consultancy services during marketing and promotional activities,<br \/>\u2022 Program for inviting international expert personnel,<br \/>\u2022 Spa Management trainings,<br \/>\u2022 Professional development training of Spa Therapists,<br \/>\u2022 Workflow programs<\/h4><h3><strong>SPA &amp; WELLNESS SOLUTION PACKAGES<\/strong><\/h3><h4 class=\"font_9\">1 \u2013 EMERGENCY ACTION PACKAGE<\/h4><h4 class=\"font_9\">Is there a problem with the spa &amp; wellness management in your hotel? Then the emergency action package is just for you, we intervene in your spa &amp; wellness center with our professional team and solve the problems you are experiencing with our crisis solution desk.<\/h4><h4 class=\"font_9\">2 \u2013 PRELIMINARY PREPARATION PACKAGE<\/h4><h4 class=\"font_9\">We deliver professional equipment (materials and products) and your team management (personnel) to you in your hotel or spa &amp; wellness center you have opened.<\/h4><h4 class=\"font_9\">3 \u2013 COMPLETE PREPARATION PACKAGE<\/h4><h4 class=\"font_9\">Forget everything from A to Z for the spa &amp; wellness centers you are going to open or want to open, let our professional team design them for you and deliver them to you ready for operation.<\/h4>\t\t\t\t\t\t<\/div>\n\t\t\t\t<\/div>\n\t\t\t\t\t<\/div>\n\t\t<\/div>\n\t\t\t\t\t\t\t<\/div>\n\t\t<\/section>\n\t\t\t\t\t\t\t<\/div>","protected":false},"excerpt":{"rendered":"<p>Herhangi bir SPA&#8217;n\u0131n dan\u0131\u015fmanl\u0131\u011f\u0131nda ilk ad\u0131m\u0131, objektif olarak piyasan\u0131n, rekabet, maliyet \u00a0ve potansiyel gelirin ara\u015ft\u0131r\u0131larak, projeniz i\u00e7in en uygun se\u00e7enekleri de\u011ferlendirmekle ba\u015flan\u0131r. Piyasan\u0131n ve projenin kendine \u00f6zg\u00fc dinamikleri \u00a0vard\u0131r, bu dinamikleri anlay\u0131p, de\u011ferlendirmek, SPA&#8217;n\u0131za planlad\u0131\u011f\u0131m\u0131z \u015fekilde olu\u015fturmam\u0131z i\u00e7in \u00e7ok \u00f6nemli fakt\u00f6rd\u00fcr. Proje \u00e7al\u0131\u015fmas\u0131nda, hedef misafir kitlesini belirleyerek, en iyi SPA hizmetini se\u00e7mekle ba\u015flamaktay\u0131z \u00a0ve devam\u0131nda [&hellip;]<\/p>","protected":false},"author":1,"featured_media":0,"parent":0,"menu_order":0,"comment_status":"closed","ping_status":"closed","template":"","meta":{"footnotes":""},"_links":{"self":[{"href":"https:\/\/www.spasipawellness.com\/en\/wp-json\/wp\/v2\/pages\/842"}],"collection":[{"href":"https:\/\/www.spasipawellness.com\/en\/wp-json\/wp\/v2\/pages"}],"about":[{"href":"https:\/\/www.spasipawellness.com\/en\/wp-json\/wp\/v2\/types\/page"}],"author":[{"embeddable":true,"href":"https:\/\/www.spasipawellness.com\/en\/wp-json\/wp\/v2\/users\/1"}],"replies":[{"embeddable":true,"href":"https:\/\/www.spasipawellness.com\/en\/wp-json\/wp\/v2\/comments?post=842"}],"version-history":[{"count":33,"href":"https:\/\/www.spasipawellness.com\/en\/wp-json\/wp\/v2\/pages\/842\/revisions"}],"predecessor-version":[{"id":1314,"href":"https:\/\/www.spasipawellness.com\/en\/wp-json\/wp\/v2\/pages\/842\/revisions\/1314"}],"wp:attachment":[{"href":"https:\/\/www.spasipawellness.com\/en\/wp-json\/wp\/v2\/media?parent=842"}],"curies":[{"name":"wp","href":"https:\/\/api.w.org\/{rel}","templated":true}]}}